{"id":846,"date":"2025-05-05T14:55:52","date_gmt":"2025-05-05T14:55:52","guid":{"rendered":"https:\/\/united-group.info\/?page_id=846"},"modified":"2025-05-15T12:30:23","modified_gmt":"2025-05-15T10:30:23","slug":"blog","status":"publish","type":"page","link":"https:\/\/united-group.info\/en\/blog\/","title":{"rendered":"BLOG"},"content":{"rendered":"<div data-elementor-type=\"wp-page\" data-elementor-id=\"846\" class=\"elementor elementor-846\" data-elementor-post-type=\"page\">\n\t\t\t\t<div class=\"elementor-element elementor-element-32eae5c e-flex e-con-boxed e-con e-parent\" data-id=\"32eae5c\" data-element_type=\"container\" data-e-type=\"container\" data-settings=\"{&quot;background_background&quot;:&quot;classic&quot;}\">\n\t\t\t\t\t<div class=\"e-con-inner\">\n\t\t\t\t<div class=\"elementor-element elementor-element-51502f9 elementor-widget elementor-widget-image\" data-id=\"51502f9\" data-element_type=\"widget\" data-e-type=\"widget\" data-widget_type=\"image.default\">\n\t\t\t\t<div class=\"elementor-widget-container\">\n\t\t\t\t\t\t\t\t\t\t\t\t\t\t\t\t<a href=\"https:\/\/united-group.info\/en\/\">\n\t\t\t\t\t\t\t<img fetchpriority=\"high\" decoding=\"async\" width=\"300\" height=\"300\" src=\"https:\/\/united-group.info\/wp-content\/uploads\/2025\/05\/RETINA-LOGOG.webp\" class=\"attachment-large size-large wp-image-477\" alt=\"Firmenlogo der United Group in den offiziellen Markenfarben, 300 Pixel.\" srcset=\"https:\/\/united-group.info\/wp-content\/uploads\/2025\/05\/RETINA-LOGOG.webp 300w, https:\/\/united-group.info\/wp-content\/uploads\/2025\/05\/RETINA-LOGOG-150x150.png 150w, https:\/\/united-group.info\/wp-content\/uploads\/2025\/05\/RETINA-LOGOG-75x75.webp 75w, https:\/\/united-group.info\/wp-content\/uploads\/2025\/05\/elementor\/thumbs\/RETINA-LOGOG-r59crhjz1p8xt9xt8an4opqrfzxpk4qha6baxyku9w.png 250w\" sizes=\"(max-width:767px) 300px, 300px\" \/>\t\t\t\t\t\t\t\t<\/a>\n\t\t\t\t\t\t\t\t\t\t\t\t\t\t\t<\/div>\n\t\t\t\t<\/div>\n\t\t\t\t<div class=\"elementor-element elementor-element-a97cbc8 elementor-widget-divider--view-line elementor-widget elementor-widget-divider\" data-id=\"a97cbc8\" data-element_type=\"widget\" data-e-type=\"widget\" data-widget_type=\"divider.default\">\n\t\t\t\t<div class=\"elementor-widget-container\">\n\t\t\t\t\t\t\t<div class=\"elementor-divider\">\n\t\t\t<span class=\"elementor-divider-separator\">\n\t\t\t\t\t\t<\/span>\n\t\t<\/div>\n\t\t\t\t\t\t<\/div>\n\t\t\t\t<\/div>\n\t\t\t\t<div class=\"elementor-element elementor-element-d6dd8da elementor-widget__width-initial elementor-widget elementor-widget-heading\" data-id=\"d6dd8da\" data-element_type=\"widget\" data-e-type=\"widget\" data-widget_type=\"heading.default\">\n\t\t\t\t<div class=\"elementor-widget-container\">\n\t\t\t\t\t<span class=\"elementor-heading-title elementor-size-default\">Blog<\/span>\t\t\t\t<\/div>\n\t\t\t\t<\/div>\n\t\t\t\t<div class=\"elementor-element elementor-element-4fdbaae elementor-widget elementor-widget-heading\" data-id=\"4fdbaae\" data-element_type=\"widget\" data-e-type=\"widget\" data-widget_type=\"heading.default\">\n\t\t\t\t<div class=\"elementor-widget-container\">\n\t\t\t\t\t<span class=\"elementor-heading-title elementor-size-default\">Professional tips that make moving easier than cooking dinner.<\/span>\t\t\t\t<\/div>\n\t\t\t\t<\/div>\n\t\t\t\t<div class=\"elementor-element elementor-element-4c4f74f elementor-widget elementor-widget-image\" data-id=\"4c4f74f\" data-element_type=\"widget\" data-e-type=\"widget\" data-widget_type=\"image.default\">\n\t\t\t\t<div class=\"elementor-widget-container\">\n\t\t\t\t\t\t\t\t\t\t\t\t\t\t\t<img decoding=\"async\" data-src=\"https:\/\/united-group.info\/wp-content\/uploads\/2024\/12\/detailingshop-about-pic2.svg\" class=\"attachment-large size-large wp-image-153 lazyload\" alt=\"\" src=\"data:image\/svg+xml;base64,PHN2ZyB3aWR0aD0iMSIgaGVpZ2h0PSIxIiB4bWxucz0iaHR0cDovL3d3dy53My5vcmcvMjAwMC9zdmciPjwvc3ZnPg==\" \/>\t\t\t\t\t\t\t\t\t\t\t\t\t\t\t<\/div>\n\t\t\t\t<\/div>\n\t\t\t\t<div class=\"elementor-element elementor-element-ba28623 elementor-widget elementor-widget-text-editor\" data-id=\"ba28623\" data-element_type=\"widget\" data-e-type=\"widget\" data-widget_type=\"text-editor.default\">\n\t\t\t\t<div class=\"elementor-widget-container\">\n\t\t\t\t\t\t\t\t\t<h5 data-pm-slice=\"0 0 []\">Welcome to the United Group blog \u2014 your go-to resource for expert moving advice, practical packing tips, logistics insights, and everything in between. Whether you\u2019re planning a local move, relocating across Germany, or just looking to make the process more efficient, our articles are here to guide you every step of the way.<\/h5>\t\t\t\t\t\t\t\t<\/div>\n\t\t\t\t<\/div>\n\t\t\t\t\t<\/div>\n\t\t\t\t<\/div>\n\t\t<div class=\"elementor-element elementor-element-c1acecf e-flex e-con-boxed e-con e-parent\" data-id=\"c1acecf\" data-element_type=\"container\" data-e-type=\"container\">\n\t\t\t\t\t<div class=\"e-con-inner\">\n\t\t\t\t<div class=\"elementor-element elementor-element-64663de elementor-widget elementor-widget-mfn_blog_slider\" data-id=\"64663de\" data-element_type=\"widget\" data-e-type=\"widget\" data-widget_type=\"mfn_blog_slider.default\">\n\t\t\t\t<div class=\"elementor-widget-container\">\n\t\t\t\t\t<div class=\"blog_slider clearfix\" data-count=\"4\"><div class=\"blog_slider_header clearfix\"><div class=\"slider_navigation\"><\/div><\/div><ul class=\"blog_slider_ul\"><li class=\"blog_slider_li post-1065 post type-post status-publish format-standard has-post-thumbnail hentry category-logistics-and-technology tag-digital-logistics\"><div class=\"item_wrapper\"><div class=\"image_frame scale-with-grid\"><div class=\"image_wrapper\"><a href=\"https:\/\/united-group.info\/en\/innovation-in-the-moving-industry-how-technology-is-shaping-the-future-of-logistics-and-transport\/\" title=\"Innovation in der Umzugsbranche: Zukunft von Logistik &amp; Transport\"><img decoding=\"async\" src=\"https:\/\/images.unsplash.com\/photo-1666620180347-a0155b3b959b\" alt=\"Innovation in der Umzugsbranche: Zukunft von Logistik &amp; Transport\" class=\"scale-with-grid\" \/><\/a><\/div><\/div><div class=\"date_label\">May 31, 2025<\/div><div class=\"desc\"><h4><a href=\"https:\/\/united-group.info\/en\/innovation-in-the-moving-industry-how-technology-is-shaping-the-future-of-logistics-and-transport\/\">Innovation in the moving industry: The future of logistics and transport<\/a><\/h4><hr class=\"hr_color\" \/><a href=\"https:\/\/united-group.info\/en\/innovation-in-the-moving-industry-how-technology-is-shaping-the-future-of-logistics-and-transport\/\" class=\"button button_left has-icon\"><span class=\"button_icon\"><i class=\"icon-layout\" aria-hidden=\"true\"><\/i><\/span><span class=\"button_label\">Read more<\/span><\/a><\/div><\/div><\/li><li class=\"blog_slider_li post-1025 post type-post status-publish format-standard hentry category-logistik tag-furniture-logistics\"><div class=\"item_wrapper\"><div class=\"image_frame scale-with-grid\"><div class=\"image_wrapper\"><a href=\"https:\/\/united-group.info\/en\/moebellogistik-fuer-hersteller-effiziente-loesungen-fuer-den-moebelvertrieb\/\" title=\"Furniture logistics for manufacturers: Efficient solutions for furniture distribution\"><img decoding=\"async\" src=\"https:\/\/images.unsplash.com\/photo-1695530586703-120a1243b54d\" alt=\"M\u00f6bellogistik f\u00fcr Hersteller: Effiziente L\u00f6sungen f\u00fcr den M\u00f6belvertrieb\" class=\"scale-with-grid\" \/><\/a><\/div><\/div><div class=\"date_label\">May 13, 2025<\/div><div class=\"desc\"><h4><a href=\"https:\/\/united-group.info\/en\/moebellogistik-fuer-hersteller-effiziente-loesungen-fuer-den-moebelvertrieb\/\">Furniture logistics for manufacturers: Efficient solutions for furniture distribution<\/a><\/h4><hr class=\"hr_color\" \/><a href=\"https:\/\/united-group.info\/en\/moebellogistik-fuer-hersteller-effiziente-loesungen-fuer-den-moebelvertrieb\/\" class=\"button button_left has-icon\"><span class=\"button_icon\"><i class=\"icon-layout\" aria-hidden=\"true\"><\/i><\/span><span class=\"button_label\">Read more<\/span><\/a><\/div><\/div><\/li><li class=\"blog_slider_li post-1024 post type-post status-publish format-standard hentry category-umzug tag-moving-services\"><div class=\"item_wrapper\"><div class=\"image_frame scale-with-grid\"><div class=\"image_wrapper\"><a href=\"https:\/\/united-group.info\/en\/checkliste-fuer-den-perfekten-umzug-so-behalten-sie-den-ueberblick\/\" title=\"Checklist for the perfect move \u2013 How to keep track\"><img decoding=\"async\" src=\"https:\/\/images.unsplash.com\/photo-1652869340776-c1f00ed3e46c\" alt=\"Checkliste f\u00fcr den perfekten Umzug \u2013 So behalten Sie den \u00dcberblick\" class=\"scale-with-grid\" \/><\/a><\/div><\/div><div class=\"date_label\">May 13, 2025<\/div><div class=\"desc\"><h4><a href=\"https:\/\/united-group.info\/en\/checkliste-fuer-den-perfekten-umzug-so-behalten-sie-den-ueberblick\/\">Checklist for the perfect move \u2013 How to keep track<\/a><\/h4><hr class=\"hr_color\" \/><a href=\"https:\/\/united-group.info\/en\/checkliste-fuer-den-perfekten-umzug-so-behalten-sie-den-ueberblick\/\" class=\"button button_left has-icon\"><span class=\"button_icon\"><i class=\"icon-layout\" aria-hidden=\"true\"><\/i><\/span><span class=\"button_label\">Read more<\/span><\/a><\/div><\/div><\/li><li class=\"blog_slider_li post-1020 post type-post status-publish format-standard hentry category-umzug-und-logistik tag-office-relocation\"><div class=\"item_wrapper\"><div class=\"image_frame scale-with-grid\"><div class=\"image_wrapper\"><a href=\"https:\/\/united-group.info\/en\/10-haeufige-fehler-beim-bueroumzug-und-wie-sie-sie-mit-united-group-vermeiden\/\" title=\"10 common mistakes when moving office \u2013 and how to avoid them with United Group\"><img decoding=\"async\" src=\"https:\/\/images.unsplash.com\/photo-1654383384121-0f51dde9be5f\" alt=\"10 h\u00e4ufige Fehler beim B\u00fcroumzug \u2013 und wie sie sie mit United Group vermeiden\" class=\"scale-with-grid\" \/><\/a><\/div><\/div><div class=\"date_label\">May 13, 2025<\/div><div class=\"desc\"><h4><a href=\"https:\/\/united-group.info\/en\/10-haeufige-fehler-beim-bueroumzug-und-wie-sie-sie-mit-united-group-vermeiden\/\">10 common mistakes when moving office \u2013 and how to avoid them with United Group<\/a><\/h4><hr class=\"hr_color\" \/><a href=\"https:\/\/united-group.info\/en\/10-haeufige-fehler-beim-bueroumzug-und-wie-sie-sie-mit-united-group-vermeiden\/\" class=\"button button_left has-icon\"><span class=\"button_icon\"><i class=\"icon-layout\" aria-hidden=\"true\"><\/i><\/span><span class=\"button_label\">Read more<\/span><\/a><\/div><\/div><\/li><\/ul><div class=\"slider_pager slider_pagination\"><\/div><\/div>\n\t\t\t\t<\/div>\n\t\t\t\t<\/div>\n\t\t\t\t\t<\/div>\n\t\t\t\t<\/div>\n\t\t\t\t<\/div>","protected":false},"excerpt":{"rendered":"<p>Willkommen im Blog der United Group! Hier finden Sie Expertenratschl\u00e4ge zum Umzug, Packtipps und Einblicke in die Logistik. So planen Sie Ihren Umzug effizient und stressfrei.<\/p>","protected":false},"author":4,"featured_media":0,"parent":0,"menu_order":0,"comment_status":"closed","ping_status":"closed","template":"","meta":{"footnotes":""},"class_list":["post-846","page","type-page","status-publish","hentry"],"_links":{"self":[{"href":"https:\/\/united-group.info\/en\/wp-json\/wp\/v2\/pages\/846","targetHints":{"allow":["GET"]}}],"collection":[{"href":"https:\/\/united-group.info\/en\/wp-json\/wp\/v2\/pages"}],"about":[{"href":"https:\/\/united-group.info\/en\/wp-json\/wp\/v2\/types\/page"}],"author":[{"embeddable":true,"href":"https:\/\/united-group.info\/en\/wp-json\/wp\/v2\/users\/4"}],"replies":[{"embeddable":true,"href":"https:\/\/united-group.info\/en\/wp-json\/wp\/v2\/comments?post=846"}],"version-history":[{"count":13,"href":"https:\/\/united-group.info\/en\/wp-json\/wp\/v2\/pages\/846\/revisions"}],"predecessor-version":[{"id":1042,"href":"https:\/\/united-group.info\/en\/wp-json\/wp\/v2\/pages\/846\/revisions\/1042"}],"wp:attachment":[{"href":"https:\/\/united-group.info\/en\/wp-json\/wp\/v2\/media?parent=846"}],"curies":[{"name":"wp","href":"https:\/\/api.w.org\/{rel}","templated":true}]}}